{"id":169,"date":"2021-12-23T12:30:20","date_gmt":"2021-12-23T15:30:20","guid":{"rendered":"https:\/\/demosites.royal-elementor-addons.com\/nature-v1\/?page_id=169"},"modified":"2024-09-25T00:27:00","modified_gmt":"2024-09-25T03:27:00","slug":"services","status":"publish","type":"page","link":"https:\/\/criancanossofuturo.com.br\/?page_id=169","title":{"rendered":"Propostas"},"content":{"rendered":"\t\t<div data-elementor-type=\"wp-page\" data-elementor-id=\"169\" class=\"elementor elementor-169\">\n\t\t\t\t\t\t<section class=\"elementor-section elementor-top-section elementor-element elementor-element-3b808b4 elementor-section-boxed elementor-section-height-default elementor-section-height-default wpr-particle-no wpr-jarallax-no wpr-parallax-no wpr-sticky-section-no\" data-id=\"3b808b4\" data-element_type=\"section\" data-settings=\"{&quot;background_background&quot;:&quot;classic&quot;}\">\n\t\t\t\t\t\t\t<div class=\"elementor-background-overlay\"><\/div>\n\t\t\t\t\t\t\t<div class=\"elementor-container elementor-column-gap-default\">\n\t\t\t\t\t<div class=\"elementor-column elementor-col-100 elementor-top-column elementor-element elementor-element-0041891\" data-id=\"0041891\" data-element_type=\"column\">\n\t\t\t<div class=\"elementor-widget-wrap elementor-element-populated\">\n\t\t\t\t\t\t<div class=\"elementor-element elementor-element-3670141 elementor-widget elementor-widget-heading\" data-id=\"3670141\" data-element_type=\"widget\" data-widget_type=\"heading.default\">\n\t\t\t\t<div class=\"elementor-widget-container\">\n\t\t\t<style>\/*! elementor - v3.20.0 - 26-03-2024 *\/\n.elementor-heading-title{padding:0;margin:0;line-height:1}.elementor-widget-heading .elementor-heading-title[class*=elementor-size-]>a{color:inherit;font-size:inherit;line-height:inherit}.elementor-widget-heading .elementor-heading-title.elementor-size-small{font-size:15px}.elementor-widget-heading .elementor-heading-title.elementor-size-medium{font-size:19px}.elementor-widget-heading .elementor-heading-title.elementor-size-large{font-size:29px}.elementor-widget-heading .elementor-heading-title.elementor-size-xl{font-size:39px}.elementor-widget-heading .elementor-heading-title.elementor-size-xxl{font-size:59px}<\/style><h2 class=\"elementor-heading-title elementor-size-default\">Propostas<\/h2>\t\t<\/div>\n\t\t\t\t<\/div>\n\t\t\t\t\t<\/div>\n\t\t<\/div>\n\t\t\t\t\t<\/div>\n\t\t<\/section>\n\t\t\t\t<section class=\"elementor-section elementor-top-section elementor-element elementor-element-1df6e3d elementor-section-boxed elementor-section-height-default elementor-section-height-default wpr-particle-no wpr-jarallax-no wpr-parallax-no wpr-sticky-section-no\" data-id=\"1df6e3d\" data-element_type=\"section\">\n\t\t\t\t\t\t<div class=\"elementor-container elementor-column-gap-default\">\n\t\t\t\t\t<div class=\"elementor-column elementor-col-100 elementor-top-column elementor-element elementor-element-6ca8ce5\" data-id=\"6ca8ce5\" data-element_type=\"column\">\n\t\t\t<div class=\"elementor-widget-wrap elementor-element-populated\">\n\t\t\t\t\t\t<section class=\"elementor-section elementor-inner-section elementor-element elementor-element-ce4479d elementor-section-boxed elementor-section-height-default elementor-section-height-default wpr-particle-no wpr-jarallax-no wpr-parallax-no wpr-sticky-section-no\" data-id=\"ce4479d\" data-element_type=\"section\">\n\t\t\t\t\t\t<div class=\"elementor-container elementor-column-gap-default\">\n\t\t\t\t\t<div class=\"elementor-column elementor-col-33 elementor-inner-column elementor-element elementor-element-ac69ee9\" data-id=\"ac69ee9\" data-element_type=\"column\">\n\t\t\t<div class=\"elementor-widget-wrap elementor-element-populated\">\n\t\t\t\t\t\t<div class=\"elementor-element elementor-element-a95ab19 elementor-widget elementor-widget-image\" data-id=\"a95ab19\" data-element_type=\"widget\" data-widget_type=\"image.default\">\n\t\t\t\t<div class=\"elementor-widget-container\">\n\t\t\t<style>\/*! elementor - v3.20.0 - 26-03-2024 *\/\n.elementor-widget-image{text-align:center}.elementor-widget-image a{display:inline-block}.elementor-widget-image a img[src$=\".svg\"]{width:48px}.elementor-widget-image img{vertical-align:middle;display:inline-block}<\/style>\t\t\t\t\t\t\t\t\t\t<img fetchpriority=\"high\" decoding=\"async\" width=\"400\" height=\"600\" src=\"https:\/\/criancanossofuturo.com.br\/wp-content\/uploads\/2024\/04\/cestas-e1712236705362.jpg\" class=\"attachment-large size-large wp-image-861\" alt=\"\" srcset=\"https:\/\/criancanossofuturo.com.br\/wp-content\/uploads\/2024\/04\/cestas-e1712236705362.jpg 400w, https:\/\/criancanossofuturo.com.br\/wp-content\/uploads\/2024\/04\/cestas-e1712236705362-200x300.jpg 200w\" sizes=\"(max-width: 400px) 100vw, 400px\" \/>\t\t\t\t\t\t\t\t\t\t\t\t\t<\/div>\n\t\t\t\t<\/div>\n\t\t\t\t<div class=\"elementor-element elementor-element-796256f elementor-widget elementor-widget-heading\" data-id=\"796256f\" data-element_type=\"widget\" data-widget_type=\"heading.default\">\n\t\t\t\t<div class=\"elementor-widget-container\">\n\t\t\t<h2 class=\"elementor-heading-title elementor-size-default\">A\u00e7\u00f5es<\/h2>\t\t<\/div>\n\t\t\t\t<\/div>\n\t\t\t\t<div class=\"elementor-element elementor-element-d666820 elementor-widget elementor-widget-text-editor\" data-id=\"d666820\" data-element_type=\"widget\" data-widget_type=\"text-editor.default\">\n\t\t\t\t<div class=\"elementor-widget-container\">\n\t\t\t<style>\/*! elementor - v3.20.0 - 26-03-2024 *\/\n.elementor-widget-text-editor.elementor-drop-cap-view-stacked .elementor-drop-cap{background-color:#69727d;color:#fff}.elementor-widget-text-editor.elementor-drop-cap-view-framed .elementor-drop-cap{color:#69727d;border:3px solid;background-color:transparent}.elementor-widget-text-editor:not(.elementor-drop-cap-view-default) .elementor-drop-cap{margin-top:8px}.elementor-widget-text-editor:not(.elementor-drop-cap-view-default) .elementor-drop-cap-letter{width:1em;height:1em}.elementor-widget-text-editor .elementor-drop-cap{float:left;text-align:center;line-height:1;font-size:50px}.elementor-widget-text-editor .elementor-drop-cap-letter{display:inline-block}<\/style>\t\t\t\t<p>Al\u00e9m de crian\u00e7as disponibilizando momentos de lazer e divers\u00e3o, o projeto ajuda fam\u00edlias pr\u00f3ximas com cestas bas\u00edcas e alimentos.<\/p>\t\t\t\t\t\t<\/div>\n\t\t\t\t<\/div>\n\t\t\t\t\t<\/div>\n\t\t<\/div>\n\t\t\t\t<div class=\"elementor-column elementor-col-33 elementor-inner-column elementor-element elementor-element-472405d\" data-id=\"472405d\" data-element_type=\"column\">\n\t\t\t<div class=\"elementor-widget-wrap elementor-element-populated\">\n\t\t\t\t\t\t<div class=\"elementor-element elementor-element-09af1f3 elementor-widget elementor-widget-image\" data-id=\"09af1f3\" data-element_type=\"widget\" data-widget_type=\"image.default\">\n\t\t\t\t<div class=\"elementor-widget-container\">\n\t\t\t\t\t\t\t\t\t\t\t\t\t<img decoding=\"async\" src=\"https:\/\/criancanossofuturo.com.br\/wp-content\/uploads\/elementor\/thumbs\/WhatsApp-Image-2024-04-01-at-11.11.21-AM-3-e1712236675498-qm7sxbrketbgt15flgwuswmjhr7cgfoh419e42ufe8.jpeg\" title=\"WhatsApp Image 2024-04-01 at 11.11.21 AM (3)\" alt=\"WhatsApp Image 2024-04-01 at 11.11.21 AM (3)\" loading=\"lazy\" \/>\t\t\t\t\t\t\t\t\t\t\t\t\t<\/div>\n\t\t\t\t<\/div>\n\t\t\t\t<div class=\"elementor-element elementor-element-c451e11 elementor-widget elementor-widget-heading\" data-id=\"c451e11\" data-element_type=\"widget\" data-widget_type=\"heading.default\">\n\t\t\t\t<div class=\"elementor-widget-container\">\n\t\t\t<h2 class=\"elementor-heading-title elementor-size-default\">F\u00e9<\/h2>\t\t<\/div>\n\t\t\t\t<\/div>\n\t\t\t\t<div class=\"elementor-element elementor-element-985552a elementor-widget elementor-widget-text-editor\" data-id=\"985552a\" data-element_type=\"widget\" data-widget_type=\"text-editor.default\">\n\t\t\t\t<div class=\"elementor-widget-container\">\n\t\t\t\t\t\t\t<p>Sempre cultivando a F\u00e9 para as crian\u00e7as e adolescente, pois com com Deus no cora\u00e7\u00e3o nenhum mal ir\u00e1 prejudicar o caminho na vida.<\/p>\t\t\t\t\t\t<\/div>\n\t\t\t\t<\/div>\n\t\t\t\t\t<\/div>\n\t\t<\/div>\n\t\t\t\t<div class=\"elementor-column elementor-col-33 elementor-inner-column elementor-element elementor-element-9586479\" data-id=\"9586479\" data-element_type=\"column\">\n\t\t\t<div class=\"elementor-widget-wrap elementor-element-populated\">\n\t\t\t\t\t\t<div class=\"elementor-element elementor-element-3d99f66 elementor-widget elementor-widget-image\" data-id=\"3d99f66\" data-element_type=\"widget\" data-widget_type=\"image.default\">\n\t\t\t\t<div class=\"elementor-widget-container\">\n\t\t\t\t\t\t\t\t\t\t\t\t\t<img decoding=\"async\" width=\"400\" height=\"599\" src=\"https:\/\/criancanossofuturo.com.br\/wp-content\/uploads\/2024\/04\/Screenshot_4-e1712236634192.jpg\" class=\"attachment-large size-large wp-image-864\" alt=\"\" srcset=\"https:\/\/criancanossofuturo.com.br\/wp-content\/uploads\/2024\/04\/Screenshot_4-e1712236634192.jpg 400w, https:\/\/criancanossofuturo.com.br\/wp-content\/uploads\/2024\/04\/Screenshot_4-e1712236634192-200x300.jpg 200w\" sizes=\"(max-width: 400px) 100vw, 400px\" \/>\t\t\t\t\t\t\t\t\t\t\t\t\t<\/div>\n\t\t\t\t<\/div>\n\t\t\t\t<div class=\"elementor-element elementor-element-99c2586 elementor-widget elementor-widget-heading\" data-id=\"99c2586\" data-element_type=\"widget\" data-widget_type=\"heading.default\">\n\t\t\t\t<div class=\"elementor-widget-container\">\n\t\t\t<h2 class=\"elementor-heading-title elementor-size-default\">Esporte<\/h2>\t\t<\/div>\n\t\t\t\t<\/div>\n\t\t\t\t<div class=\"elementor-element elementor-element-307c2d2 elementor-widget elementor-widget-text-editor\" data-id=\"307c2d2\" data-element_type=\"widget\" data-widget_type=\"text-editor.default\">\n\t\t\t\t<div class=\"elementor-widget-container\">\n\t\t\t\t\t\t\t<p>Todos os s\u00e1bados disponibilizamos treinos para crian\u00e7as e adolescentes que n\u00e3o tem condi\u00e7\u00f5es de pagar uma escolinha.<\/p>\t\t\t\t\t\t<\/div>\n\t\t\t\t<\/div>\n\t\t\t\t\t<\/div>\n\t\t<\/div>\n\t\t\t\t\t<\/div>\n\t\t<\/section>\n\t\t\t\t\t<\/div>\n\t\t<\/div>\n\t\t\t\t\t<\/div>\n\t\t<\/section>\n\t\t\t\t<\/div>\n\t\t<div style=\"margin-top: 0px; margin-bottom: 0px;\" class=\"sharethis-inline-share-buttons\" ><\/div>","protected":false},"excerpt":{"rendered":"<p>Propostas A\u00e7\u00f5es Al\u00e9m de crian\u00e7as disponibilizando momentos de lazer e divers\u00e3o, o projeto ajuda fam\u00edlias pr\u00f3ximas com cestas bas\u00edcas e alimentos. F\u00e9 Sempre cultivando a F\u00e9 para as crian\u00e7as e adolescente, pois com com Deus no cora\u00e7\u00e3o nenhum mal ir\u00e1 prejudicar o caminho na vida. Esporte Todos os s\u00e1bados disponibilizamos treinos para crian\u00e7as e adolescentes [&hellip;]<\/p>\n","protected":false},"author":1,"featured_media":0,"parent":0,"menu_order":0,"comment_status":"closed","ping_status":"closed","template":"elementor_canvas","meta":{"footnotes":""},"yoast_head":"<!-- This site is optimized with the Yoast SEO plugin v22.4 - https:\/\/yoast.com\/wordpress\/plugins\/seo\/ -->\n<title>Propostas - Crian\u00e7a Nosso Futuro<\/title>\n<meta name=\"robots\" content=\"index, follow, max-snippet:-1, max-image-preview:large, max-video-preview:-1\" \/>\n<link rel=\"canonical\" href=\"https:\/\/criancanossofuturo.com.br\/?page_id=169\" \/>\n<meta property=\"og:locale\" content=\"pt_BR\" \/>\n<meta property=\"og:type\" content=\"article\" \/>\n<meta property=\"og:title\" content=\"Propostas - Crian\u00e7a Nosso Futuro\" \/>\n<meta property=\"og:description\" content=\"Propostas A\u00e7\u00f5es Al\u00e9m de crian\u00e7as disponibilizando momentos de lazer e divers\u00e3o, o projeto ajuda fam\u00edlias pr\u00f3ximas com cestas bas\u00edcas e alimentos. F\u00e9 Sempre cultivando a F\u00e9 para as crian\u00e7as e adolescente, pois com com Deus no cora\u00e7\u00e3o nenhum mal ir\u00e1 prejudicar o caminho na vida. Esporte Todos os s\u00e1bados disponibilizamos treinos para crian\u00e7as e adolescentes [&hellip;]\" \/>\n<meta property=\"og:url\" content=\"https:\/\/criancanossofuturo.com.br\/?page_id=169\" \/>\n<meta property=\"og:site_name\" content=\"Crian\u00e7a Nosso Futuro\" \/>\n<meta property=\"article:modified_time\" content=\"2024-09-25T03:27:00+00:00\" \/>\n<meta property=\"og:image\" content=\"https:\/\/criancanossofuturo.com.br\/wp-content\/uploads\/2024\/04\/cestas-e1712236705362.jpg\" \/>\n<meta name=\"twitter:card\" content=\"summary_large_image\" \/>\n<meta name=\"twitter:label1\" content=\"Est. tempo de leitura\" \/>\n\t<meta name=\"twitter:data1\" content=\"1 minuto\" \/>\n<script type=\"application\/ld+json\" class=\"yoast-schema-graph\">{\"@context\":\"https:\/\/schema.org\",\"@graph\":[{\"@type\":\"WebPage\",\"@id\":\"https:\/\/criancanossofuturo.com.br\/?page_id=169\",\"url\":\"https:\/\/criancanossofuturo.com.br\/?page_id=169\",\"name\":\"Propostas - Crian\u00e7a Nosso Futuro\",\"isPartOf\":{\"@id\":\"https:\/\/criancanossofuturo.com.br\/#website\"},\"primaryImageOfPage\":{\"@id\":\"https:\/\/criancanossofuturo.com.br\/?page_id=169#primaryimage\"},\"image\":{\"@id\":\"https:\/\/criancanossofuturo.com.br\/?page_id=169#primaryimage\"},\"thumbnailUrl\":\"https:\/\/criancanossofuturo.com.br\/wp-content\/uploads\/2024\/04\/cestas-e1712236705362.jpg\",\"datePublished\":\"2021-12-23T15:30:20+00:00\",\"dateModified\":\"2024-09-25T03:27:00+00:00\",\"breadcrumb\":{\"@id\":\"https:\/\/criancanossofuturo.com.br\/?page_id=169#breadcrumb\"},\"inLanguage\":\"pt-BR\",\"potentialAction\":[{\"@type\":\"ReadAction\",\"target\":[\"https:\/\/criancanossofuturo.com.br\/?page_id=169\"]}]},{\"@type\":\"ImageObject\",\"inLanguage\":\"pt-BR\",\"@id\":\"https:\/\/criancanossofuturo.com.br\/?page_id=169#primaryimage\",\"url\":\"https:\/\/criancanossofuturo.com.br\/wp-content\/uploads\/2024\/04\/cestas-e1712236705362.jpg\",\"contentUrl\":\"https:\/\/criancanossofuturo.com.br\/wp-content\/uploads\/2024\/04\/cestas-e1712236705362.jpg\",\"width\":400,\"height\":600},{\"@type\":\"BreadcrumbList\",\"@id\":\"https:\/\/criancanossofuturo.com.br\/?page_id=169#breadcrumb\",\"itemListElement\":[{\"@type\":\"ListItem\",\"position\":1,\"name\":\"In\u00edcio\",\"item\":\"https:\/\/criancanossofuturo.com.br\/\"},{\"@type\":\"ListItem\",\"position\":2,\"name\":\"Propostas\"}]},{\"@type\":\"WebSite\",\"@id\":\"https:\/\/criancanossofuturo.com.br\/#website\",\"url\":\"https:\/\/criancanossofuturo.com.br\/\",\"name\":\"Crian\u00e7a Nosso Futuro\",\"description\":\"\",\"publisher\":{\"@id\":\"https:\/\/criancanossofuturo.com.br\/#organization\"},\"potentialAction\":[{\"@type\":\"SearchAction\",\"target\":{\"@type\":\"EntryPoint\",\"urlTemplate\":\"https:\/\/criancanossofuturo.com.br\/?s={search_term_string}\"},\"query-input\":\"required name=search_term_string\"}],\"inLanguage\":\"pt-BR\"},{\"@type\":\"Organization\",\"@id\":\"https:\/\/criancanossofuturo.com.br\/#organization\",\"name\":\"Crian\u00e7a Nosso Futuro\",\"url\":\"https:\/\/criancanossofuturo.com.br\/\",\"logo\":{\"@type\":\"ImageObject\",\"inLanguage\":\"pt-BR\",\"@id\":\"https:\/\/criancanossofuturo.com.br\/#\/schema\/logo\/image\/\",\"url\":\"https:\/\/criancanossofuturo.com.br\/wp-content\/uploads\/2024\/04\/434831578_1737565766652600_1332830921685453612_n.jpg\",\"contentUrl\":\"https:\/\/criancanossofuturo.com.br\/wp-content\/uploads\/2024\/04\/434831578_1737565766652600_1332830921685453612_n.jpg\",\"width\":1080,\"height\":1080,\"caption\":\"Crian\u00e7a Nosso Futuro\"},\"image\":{\"@id\":\"https:\/\/criancanossofuturo.com.br\/#\/schema\/logo\/image\/\"}}]}<\/script>\n<!-- \/ Yoast SEO plugin. -->","yoast_head_json":{"title":"Propostas - Crian\u00e7a Nosso Futuro","robots":{"index":"index","follow":"follow","max-snippet":"max-snippet:-1","max-image-preview":"max-image-preview:large","max-video-preview":"max-video-preview:-1"},"canonical":"https:\/\/criancanossofuturo.com.br\/?page_id=169","og_locale":"pt_BR","og_type":"article","og_title":"Propostas - Crian\u00e7a Nosso Futuro","og_description":"Propostas A\u00e7\u00f5es Al\u00e9m de crian\u00e7as disponibilizando momentos de lazer e divers\u00e3o, o projeto ajuda fam\u00edlias pr\u00f3ximas com cestas bas\u00edcas e alimentos. F\u00e9 Sempre cultivando a F\u00e9 para as crian\u00e7as e adolescente, pois com com Deus no cora\u00e7\u00e3o nenhum mal ir\u00e1 prejudicar o caminho na vida. Esporte Todos os s\u00e1bados disponibilizamos treinos para crian\u00e7as e adolescentes [&hellip;]","og_url":"https:\/\/criancanossofuturo.com.br\/?page_id=169","og_site_name":"Crian\u00e7a Nosso Futuro","article_modified_time":"2024-09-25T03:27:00+00:00","og_image":[{"url":"https:\/\/criancanossofuturo.com.br\/wp-content\/uploads\/2024\/04\/cestas-e1712236705362.jpg"}],"twitter_card":"summary_large_image","twitter_misc":{"Est. tempo de leitura":"1 minuto"},"schema":{"@context":"https:\/\/schema.org","@graph":[{"@type":"WebPage","@id":"https:\/\/criancanossofuturo.com.br\/?page_id=169","url":"https:\/\/criancanossofuturo.com.br\/?page_id=169","name":"Propostas - Crian\u00e7a Nosso Futuro","isPartOf":{"@id":"https:\/\/criancanossofuturo.com.br\/#website"},"primaryImageOfPage":{"@id":"https:\/\/criancanossofuturo.com.br\/?page_id=169#primaryimage"},"image":{"@id":"https:\/\/criancanossofuturo.com.br\/?page_id=169#primaryimage"},"thumbnailUrl":"https:\/\/criancanossofuturo.com.br\/wp-content\/uploads\/2024\/04\/cestas-e1712236705362.jpg","datePublished":"2021-12-23T15:30:20+00:00","dateModified":"2024-09-25T03:27:00+00:00","breadcrumb":{"@id":"https:\/\/criancanossofuturo.com.br\/?page_id=169#breadcrumb"},"inLanguage":"pt-BR","potentialAction":[{"@type":"ReadAction","target":["https:\/\/criancanossofuturo.com.br\/?page_id=169"]}]},{"@type":"ImageObject","inLanguage":"pt-BR","@id":"https:\/\/criancanossofuturo.com.br\/?page_id=169#primaryimage","url":"https:\/\/criancanossofuturo.com.br\/wp-content\/uploads\/2024\/04\/cestas-e1712236705362.jpg","contentUrl":"https:\/\/criancanossofuturo.com.br\/wp-content\/uploads\/2024\/04\/cestas-e1712236705362.jpg","width":400,"height":600},{"@type":"BreadcrumbList","@id":"https:\/\/criancanossofuturo.com.br\/?page_id=169#breadcrumb","itemListElement":[{"@type":"ListItem","position":1,"name":"In\u00edcio","item":"https:\/\/criancanossofuturo.com.br\/"},{"@type":"ListItem","position":2,"name":"Propostas"}]},{"@type":"WebSite","@id":"https:\/\/criancanossofuturo.com.br\/#website","url":"https:\/\/criancanossofuturo.com.br\/","name":"Crian\u00e7a Nosso Futuro","description":"","publisher":{"@id":"https:\/\/criancanossofuturo.com.br\/#organization"},"potentialAction":[{"@type":"SearchAction","target":{"@type":"EntryPoint","urlTemplate":"https:\/\/criancanossofuturo.com.br\/?s={search_term_string}"},"query-input":"required name=search_term_string"}],"inLanguage":"pt-BR"},{"@type":"Organization","@id":"https:\/\/criancanossofuturo.com.br\/#organization","name":"Crian\u00e7a Nosso Futuro","url":"https:\/\/criancanossofuturo.com.br\/","logo":{"@type":"ImageObject","inLanguage":"pt-BR","@id":"https:\/\/criancanossofuturo.com.br\/#\/schema\/logo\/image\/","url":"https:\/\/criancanossofuturo.com.br\/wp-content\/uploads\/2024\/04\/434831578_1737565766652600_1332830921685453612_n.jpg","contentUrl":"https:\/\/criancanossofuturo.com.br\/wp-content\/uploads\/2024\/04\/434831578_1737565766652600_1332830921685453612_n.jpg","width":1080,"height":1080,"caption":"Crian\u00e7a Nosso Futuro"},"image":{"@id":"https:\/\/criancanossofuturo.com.br\/#\/schema\/logo\/image\/"}}]}},"_links":{"self":[{"href":"https:\/\/criancanossofuturo.com.br\/index.php?rest_route=\/wp\/v2\/pages\/169"}],"collection":[{"href":"https:\/\/criancanossofuturo.com.br\/index.php?rest_route=\/wp\/v2\/pages"}],"about":[{"href":"https:\/\/criancanossofuturo.com.br\/index.php?rest_route=\/wp\/v2\/types\/page"}],"author":[{"embeddable":true,"href":"https:\/\/criancanossofuturo.com.br\/index.php?rest_route=\/wp\/v2\/users\/1"}],"replies":[{"embeddable":true,"href":"https:\/\/criancanossofuturo.com.br\/index.php?rest_route=%2Fwp%2Fv2%2Fcomments&post=169"}],"version-history":[{"count":11,"href":"https:\/\/criancanossofuturo.com.br\/index.php?rest_route=\/wp\/v2\/pages\/169\/revisions"}],"predecessor-version":[{"id":955,"href":"https:\/\/criancanossofuturo.com.br\/index.php?rest_route=\/wp\/v2\/pages\/169\/revisions\/955"}],"wp:attachment":[{"href":"https:\/\/criancanossofuturo.com.br\/index.php?rest_route=%2Fwp%2Fv2%2Fmedia&parent=169"}],"curies":[{"name":"wp","href":"https:\/\/api.w.org\/{rel}","templated":true}]}}