{"id":305,"date":"2021-12-24T07:48:46","date_gmt":"2021-12-24T10:48:46","guid":{"rendered":"https:\/\/demosites.royal-elementor-addons.com\/nature-v1\/?page_id=305"},"modified":"2024-09-25T00:15:10","modified_gmt":"2024-09-25T03:15:10","slug":"projects","status":"publish","type":"page","link":"https:\/\/criancanossofuturo.com.br\/?page_id=305","title":{"rendered":"A\u00e7\u00f5es"},"content":{"rendered":"\t\t<div data-elementor-type=\"wp-page\" data-elementor-id=\"305\" class=\"elementor elementor-305\">\n\t\t\t\t\t\t<section class=\"elementor-section elementor-top-section elementor-element elementor-element-b679935 elementor-section-boxed elementor-section-height-default elementor-section-height-default wpr-particle-no wpr-jarallax-no wpr-parallax-no wpr-sticky-section-no\" data-id=\"b679935\" data-element_type=\"section\" data-settings=\"{&quot;background_background&quot;:&quot;classic&quot;}\">\n\t\t\t\t\t\t\t<div class=\"elementor-background-overlay\"><\/div>\n\t\t\t\t\t\t\t<div class=\"elementor-container elementor-column-gap-default\">\n\t\t\t\t\t<div class=\"elementor-column elementor-col-100 elementor-top-column elementor-element elementor-element-2fa5267\" data-id=\"2fa5267\" data-element_type=\"column\">\n\t\t\t<div class=\"elementor-widget-wrap elementor-element-populated\">\n\t\t\t\t\t\t<div class=\"elementor-element elementor-element-f1bf96d elementor-widget elementor-widget-heading\" data-id=\"f1bf96d\" data-element_type=\"widget\" data-widget_type=\"heading.default\">\n\t\t\t\t<div class=\"elementor-widget-container\">\n\t\t\t<style>\/*! elementor - v3.20.0 - 26-03-2024 *\/\n.elementor-heading-title{padding:0;margin:0;line-height:1}.elementor-widget-heading .elementor-heading-title[class*=elementor-size-]>a{color:inherit;font-size:inherit;line-height:inherit}.elementor-widget-heading .elementor-heading-title.elementor-size-small{font-size:15px}.elementor-widget-heading .elementor-heading-title.elementor-size-medium{font-size:19px}.elementor-widget-heading .elementor-heading-title.elementor-size-large{font-size:29px}.elementor-widget-heading .elementor-heading-title.elementor-size-xl{font-size:39px}.elementor-widget-heading .elementor-heading-title.elementor-size-xxl{font-size:59px}<\/style><h2 class=\"elementor-heading-title elementor-size-default\">A\u00c7\u00d5ES<\/h2>\t\t<\/div>\n\t\t\t\t<\/div>\n\t\t\t\t\t<\/div>\n\t\t<\/div>\n\t\t\t\t\t<\/div>\n\t\t<\/section>\n\t\t\t\t<section class=\"elementor-section elementor-top-section elementor-element elementor-element-c738529 elementor-section-boxed elementor-section-height-default elementor-section-height-default wpr-particle-no wpr-jarallax-no wpr-parallax-no wpr-sticky-section-no\" data-id=\"c738529\" data-element_type=\"section\">\n\t\t\t\t\t\t<div class=\"elementor-container elementor-column-gap-default\">\n\t\t\t\t\t<div class=\"elementor-column elementor-col-100 elementor-top-column elementor-element elementor-element-6d37d7a\" data-id=\"6d37d7a\" data-element_type=\"column\">\n\t\t\t<div class=\"elementor-widget-wrap elementor-element-populated\">\n\t\t\t\t\t\t<div class=\"elementor-element elementor-element-ece59c7 wpr-grid-columns-3 wpr-grid-columns--tablet2 wpr-grid-columns--mobile1 wpr-grid-pagination-center wpr-item-styles-inner elementor-widget elementor-widget-wpr-grid\" data-id=\"ece59c7\" data-element_type=\"widget\" data-widget_type=\"wpr-grid.default\">\n\t\t\t\t<div class=\"elementor-widget-container\">\n\t\t\t<ul class=\"wpr-grid-filters elementor-clearfix wpr-grid-filters-sep-right\"><li class=\" wpr-pointer-none wpr-pointer-line-fx wpr-pointer-fx-none\"><span data-filter=\"*\" class=\"wpr-active-filter \">All Post<\/span><em class=\"wpr-grid-filters-sep\"><\/em><\/li><li class=\" wpr-pointer-none wpr-pointer-line-fx wpr-pointer-fx-none\"><span  data-filter=\".category-eventos\">Eventos<\/span><em class=\"wpr-grid-filters-sep\"><\/em><\/li><li class=\" wpr-pointer-none wpr-pointer-line-fx wpr-pointer-fx-none\"><span  data-filter=\".category-missao\">Miss\u00e3o<\/span><em class=\"wpr-grid-filters-sep\"><\/em><\/li><\/ul><section class=\"wpr-grid elementor-clearfix\" data-settings=\"{&quot;layout&quot;:&quot;fitRows&quot;,&quot;stick_last_element_to_bottom&quot;:&quot;&quot;,&quot;columns_desktop&quot;:3,&quot;gutter_hr&quot;:15,&quot;gutter_hr_mobile&quot;:15,&quot;gutter_hr_mobile_extra&quot;:15,&quot;gutter_hr_tablet&quot;:15,&quot;gutter_hr_tablet_extra&quot;:15,&quot;gutter_hr_laptop&quot;:15,&quot;gutter_hr_widescreen&quot;:15,&quot;gutter_vr&quot;:40,&quot;gutter_vr_mobile&quot;:40,&quot;gutter_vr_mobile_extra&quot;:40,&quot;gutter_vr_tablet&quot;:40,&quot;gutter_vr_tablet_extra&quot;:40,&quot;gutter_vr_laptop&quot;:40,&quot;gutter_vr_widescreen&quot;:40,&quot;animation&quot;:&quot;default&quot;,&quot;animation_duration&quot;:0.29999999999999999,&quot;animation_delay&quot;:0.10000000000000001,&quot;deeplinking&quot;:&quot;&quot;,&quot;filters_linkable&quot;:&quot;no&quot;,&quot;filters_default_filter&quot;:&quot;&quot;,&quot;filters_count&quot;:&quot;&quot;,&quot;filters_hide_empty&quot;:&quot;no&quot;,&quot;filters_animation&quot;:&quot;default&quot;,&quot;filters_animation_duration&quot;:0.29999999999999999,&quot;filters_animation_delay&quot;:0.10000000000000001,&quot;pagination_type&quot;:&quot;load-more&quot;,&quot;pagination_max_pages&quot;:1,&quot;lightbox&quot;:{&quot;selector&quot;:&quot;.wpr-grid-image-wrap&quot;,&quot;iframeMaxWidth&quot;:&quot;60%&quot;,&quot;hash&quot;:false,&quot;autoplay&quot;:&quot;true&quot;,&quot;pause&quot;:5000,&quot;progressBar&quot;:&quot;true&quot;,&quot;counter&quot;:&quot;true&quot;,&quot;controls&quot;:&quot;true&quot;,&quot;getCaptionFromTitleOrAlt&quot;:&quot;true&quot;,&quot;thumbnail&quot;:&quot;&quot;,&quot;showThumbByDefault&quot;:&quot;&quot;,&quot;share&quot;:&quot;&quot;,&quot;zoom&quot;:&quot;true&quot;,&quot;fullScreen&quot;:&quot;true&quot;,&quot;download&quot;:&quot;true&quot;}}\"><article class=\"wpr-grid-item elementor-clearfix post-957 post type-post status-publish format-standard has-post-thumbnail hentry category-eventos\"><div class=\"wpr-grid-item-inner\"><div class=\"wpr-grid-media-wrap wpr-effect-size-medium \" data-overlay-link=\"yes\"><div class=\"wpr-grid-image-wrap\" data-src=\"https:\/\/criancanossofuturo.com.br\/wp-content\/uploads\/2024\/09\/WhatsApp-Image-2024-09-30-at-16.01.38-1.jpeg\" data-img-on-hover=\"\"  data-src-secondary=\"\"><img decoding=\"async\" data-no-lazy=\"1\" src=\"https:\/\/criancanossofuturo.com.br\/wp-content\/uploads\/2024\/09\/WhatsApp-Image-2024-09-30-at-16.01.38-1.jpeg\" alt=\"A\u00e7\u00e3o Social promovida pelo &#8220;Ame Seu Vizinho&#8221;, Transforma o S\u00e1bado das crian\u00e7as do projeto &#8220;Crian\u00e7a Nosso Futuro&#8221;\" class=\"wpr-anim-timing-ease-default\"><\/div><div class=\"wpr-grid-media-hover wpr-animation-wrap\"><div class=\"wpr-grid-media-hover-bg  wpr-overlay-fade-in wpr-anim-size-large wpr-anim-timing-ease-default wpr-anim-transparency\" data-url=\"https:\/\/criancanossofuturo.com.br\/?p=957\"><\/div><\/div><\/div><div class=\"wpr-grid-item-below-content elementor-clearfix\"><h2 class=\"wpr-grid-item-title elementor-repeater-item-5856a5b wpr-grid-item-display-block wpr-grid-item-align-left wpr-pointer-none wpr-pointer-line-fx wpr-pointer-fx-fade\"><div class=\"inner-block\"><a target=\"_self\"  href=\"https:\/\/criancanossofuturo.com.br\/?p=957\">A\u00e7\u00e3o Social promovida pelo &#8220;Ame Seu Vizinho&#8221;, Transforma o S\u00e1bado das crian\u00e7as do projeto &#8220;Crian\u00e7a Nosso Futuro&#8221;<\/a><\/div><\/h2><div class=\"wpr-grid-item-date elementor-repeater-item-405f9fe wpr-grid-item-display-inline wpr-grid-item-align-left\"><div class=\"inner-block\"><span>30 de setembro de 2024<span class=\"wpr-grid-extra-text-right\">\/<\/span><\/span><\/div><\/div><div class=\"wpr-grid-item-comments elementor-repeater-item-633b44f wpr-grid-item-display-inline wpr-grid-item-align-left\"><div class=\"inner-block\"><a href=\"https:\/\/criancanossofuturo.com.br\/?p=957#respond\"><span>No Comments<\/span><\/a><\/div><\/div><div class=\"wpr-grid-item-excerpt elementor-repeater-item-fba8c1b wpr-grid-item-display-block wpr-grid-item-align-left\"><div class=\"inner-block\"><p>No \u00faltimo s\u00e1bado (28), a Comunidade Crist\u00e3 Videira (CCVideira) promoveu uma a\u00e7\u00e3o social marcante por meio do projeto Ame Seu&hellip;<\/p><\/div><\/div><div class=\"wpr-grid-item-read-more elementor-repeater-item-dbe3248 wpr-grid-item-display-block wpr-grid-item-align-left\"><div class=\"inner-block\"><a target=\"_self\" href=\"https:\/\/criancanossofuturo.com.br\/?p=957\" class=\"wpr-button-effect wpr-button-none\"><span>Ler mais<\/span><\/a><\/div><\/div><\/div><\/div><\/article><article class=\"wpr-grid-item elementor-clearfix post-932 post type-post status-publish format-standard has-post-thumbnail hentry category-missao\"><div class=\"wpr-grid-item-inner\"><div class=\"wpr-grid-media-wrap wpr-effect-size-medium \" data-overlay-link=\"yes\"><div class=\"wpr-grid-image-wrap\" data-src=\"https:\/\/criancanossofuturo.com.br\/wp-content\/uploads\/2024\/09\/WhatsApp-Image-2024-09-24-at-23.18.39-1.jpeg\" data-img-on-hover=\"\"  data-src-secondary=\"\"><img decoding=\"async\" data-no-lazy=\"1\" src=\"https:\/\/criancanossofuturo.com.br\/wp-content\/uploads\/2024\/09\/WhatsApp-Image-2024-09-24-at-23.18.39-1.jpeg\" alt=\"Projeto Crian\u00e7a Nosso Futuro visita assentamento Paulo Freire\" class=\"wpr-anim-timing-ease-default\"><\/div><div class=\"wpr-grid-media-hover wpr-animation-wrap\"><div class=\"wpr-grid-media-hover-bg  wpr-overlay-fade-in wpr-anim-size-large wpr-anim-timing-ease-default wpr-anim-transparency\" data-url=\"https:\/\/criancanossofuturo.com.br\/?p=932\"><\/div><\/div><\/div><div class=\"wpr-grid-item-below-content elementor-clearfix\"><h2 class=\"wpr-grid-item-title elementor-repeater-item-5856a5b wpr-grid-item-display-block wpr-grid-item-align-left wpr-pointer-none wpr-pointer-line-fx wpr-pointer-fx-fade\"><div class=\"inner-block\"><a target=\"_self\"  href=\"https:\/\/criancanossofuturo.com.br\/?p=932\">Projeto Crian\u00e7a Nosso Futuro visita assentamento Paulo Freire<\/a><\/div><\/h2><div class=\"wpr-grid-item-date elementor-repeater-item-405f9fe wpr-grid-item-display-inline wpr-grid-item-align-left\"><div class=\"inner-block\"><span>25 de setembro de 2024<span class=\"wpr-grid-extra-text-right\">\/<\/span><\/span><\/div><\/div><div class=\"wpr-grid-item-comments elementor-repeater-item-633b44f wpr-grid-item-display-inline wpr-grid-item-align-left\"><div class=\"inner-block\"><a href=\"https:\/\/criancanossofuturo.com.br\/?p=932#respond\"><span>No Comments<\/span><\/a><\/div><\/div><div class=\"wpr-grid-item-excerpt elementor-repeater-item-fba8c1b wpr-grid-item-display-block wpr-grid-item-align-left\"><div class=\"inner-block\"><p>O Projeto Crian\u00e7a Nosso Futuro esteve no s\u00e1bado (14), visitando o assentamento Paulo Freire, em Jo\u00e3o C\u00e2mara, Com o objetivo&hellip;<\/p><\/div><\/div><div class=\"wpr-grid-item-read-more elementor-repeater-item-dbe3248 wpr-grid-item-display-block wpr-grid-item-align-left\"><div class=\"inner-block\"><a target=\"_self\" href=\"https:\/\/criancanossofuturo.com.br\/?p=932\" class=\"wpr-button-effect wpr-button-none\"><span>Ler mais<\/span><\/a><\/div><\/div><\/div><\/div><\/article><article class=\"wpr-grid-item elementor-clearfix post-905 post type-post status-publish format-standard has-post-thumbnail hentry category-eventos\"><div class=\"wpr-grid-item-inner\"><div class=\"wpr-grid-media-wrap wpr-effect-size-medium \" data-overlay-link=\"yes\"><div class=\"wpr-grid-image-wrap\" data-src=\"https:\/\/criancanossofuturo.com.br\/wp-content\/uploads\/2024\/04\/434769426_1737565773319266_6018709093240529303_n.jpg\" data-img-on-hover=\"\"  data-src-secondary=\"\"><img decoding=\"async\" data-no-lazy=\"1\" src=\"https:\/\/criancanossofuturo.com.br\/wp-content\/uploads\/2024\/04\/434769426_1737565773319266_6018709093240529303_n.jpg\" alt=\"P\u00e1scoa 2024\" class=\"wpr-anim-timing-ease-default\"><\/div><div class=\"wpr-grid-media-hover wpr-animation-wrap\"><div class=\"wpr-grid-media-hover-bg  wpr-overlay-fade-in wpr-anim-size-large wpr-anim-timing-ease-default wpr-anim-transparency\" data-url=\"https:\/\/criancanossofuturo.com.br\/?p=905\"><\/div><\/div><\/div><div class=\"wpr-grid-item-below-content elementor-clearfix\"><h2 class=\"wpr-grid-item-title elementor-repeater-item-5856a5b wpr-grid-item-display-block wpr-grid-item-align-left wpr-pointer-none wpr-pointer-line-fx wpr-pointer-fx-fade\"><div class=\"inner-block\"><a target=\"_self\"  href=\"https:\/\/criancanossofuturo.com.br\/?p=905\">P\u00e1scoa 2024<\/a><\/div><\/h2><div class=\"wpr-grid-item-date elementor-repeater-item-405f9fe wpr-grid-item-display-inline wpr-grid-item-align-left\"><div class=\"inner-block\"><span>5 de abril de 2024<span class=\"wpr-grid-extra-text-right\">\/<\/span><\/span><\/div><\/div><div class=\"wpr-grid-item-comments elementor-repeater-item-633b44f wpr-grid-item-display-inline wpr-grid-item-align-left\"><div class=\"inner-block\"><a href=\"https:\/\/criancanossofuturo.com.br\/?p=905#respond\"><span>No Comments<\/span><\/a><\/div><\/div><div class=\"wpr-grid-item-excerpt elementor-repeater-item-fba8c1b wpr-grid-item-display-block wpr-grid-item-align-left\"><div class=\"inner-block\"><p>Com ajuda de muitos amigos e apoiadores conseguimos fazer um belo caf\u00e9 da manh\u00e3 e entregas de diversas caixas de&hellip;<\/p><\/div><\/div><div class=\"wpr-grid-item-read-more elementor-repeater-item-dbe3248 wpr-grid-item-display-block wpr-grid-item-align-left\"><div class=\"inner-block\"><a target=\"_self\" href=\"https:\/\/criancanossofuturo.com.br\/?p=905\" class=\"wpr-button-effect wpr-button-none\"><span>Ler mais<\/span><\/a><\/div><\/div><\/div><\/div><\/article><\/section>\t\t<\/div>\n\t\t\t\t<\/div>\n\t\t\t\t\t<\/div>\n\t\t<\/div>\n\t\t\t\t\t<\/div>\n\t\t<\/section>\n\t\t\t\t<\/div>\n\t\t","protected":false},"excerpt":{"rendered":"<p>A\u00c7\u00d5ES All Post Eventos Miss\u00e3o Projeto Crian\u00e7a Nosso Futuro visita assentamento Paulo Freire 25 de setembro de 2024\/No Comments O Projeto Crian\u00e7a Nosso Futuro esteve no s\u00e1bado (14), visitando o assentamento Paulo Freire, em Jo\u00e3o C\u00e2mara, Com o objetivo&hellip; Ler mais P\u00e1scoa 2024 5 de abril de 2024\/No Comments Com ajuda de muitos amigos e [&hellip;]<\/p>\n","protected":false},"author":1,"featured_media":0,"parent":0,"menu_order":0,"comment_status":"closed","ping_status":"closed","template":"elementor_canvas","meta":{"footnotes":""},"yoast_head":"<!-- This site is optimized with the Yoast SEO plugin v22.4 - https:\/\/yoast.com\/wordpress\/plugins\/seo\/ -->\n<title>A\u00e7\u00f5es - Crian\u00e7a Nosso Futuro<\/title>\n<meta name=\"robots\" content=\"index, follow, max-snippet:-1, max-image-preview:large, max-video-preview:-1\" \/>\n<link rel=\"canonical\" href=\"https:\/\/criancanossofuturo.com.br\/?page_id=305\" \/>\n<meta property=\"og:locale\" content=\"pt_BR\" \/>\n<meta property=\"og:type\" content=\"article\" \/>\n<meta property=\"og:title\" content=\"A\u00e7\u00f5es - Crian\u00e7a Nosso Futuro\" \/>\n<meta property=\"og:description\" content=\"A\u00c7\u00d5ES All Post Eventos Miss\u00e3o Projeto Crian\u00e7a Nosso Futuro visita assentamento Paulo Freire 25 de setembro de 2024\/No Comments O Projeto Crian\u00e7a Nosso Futuro esteve no s\u00e1bado (14), visitando o assentamento Paulo Freire, em Jo\u00e3o C\u00e2mara, Com o objetivo&hellip; Ler mais P\u00e1scoa 2024 5 de abril de 2024\/No Comments Com ajuda de muitos amigos e [&hellip;]\" \/>\n<meta property=\"og:url\" content=\"https:\/\/criancanossofuturo.com.br\/?page_id=305\" \/>\n<meta property=\"og:site_name\" content=\"Crian\u00e7a Nosso Futuro\" \/>\n<meta property=\"article:modified_time\" content=\"2024-09-25T03:15:10+00:00\" \/>\n<meta property=\"og:image\" content=\"https:\/\/criancanossofuturo.com.br\/wp-content\/uploads\/2024\/09\/WhatsApp-Image-2024-09-24-at-23.18.39-1.jpeg\" \/>\n<meta name=\"twitter:card\" content=\"summary_large_image\" \/>\n<meta name=\"twitter:label1\" content=\"Est. tempo de leitura\" \/>\n\t<meta name=\"twitter:data1\" content=\"1 minuto\" \/>\n<script type=\"application\/ld+json\" class=\"yoast-schema-graph\">{\"@context\":\"https:\/\/schema.org\",\"@graph\":[{\"@type\":\"WebPage\",\"@id\":\"https:\/\/criancanossofuturo.com.br\/?page_id=305\",\"url\":\"https:\/\/criancanossofuturo.com.br\/?page_id=305\",\"name\":\"A\u00e7\u00f5es - Crian\u00e7a Nosso Futuro\",\"isPartOf\":{\"@id\":\"https:\/\/criancanossofuturo.com.br\/#website\"},\"primaryImageOfPage\":{\"@id\":\"https:\/\/criancanossofuturo.com.br\/?page_id=305#primaryimage\"},\"image\":{\"@id\":\"https:\/\/criancanossofuturo.com.br\/?page_id=305#primaryimage\"},\"thumbnailUrl\":\"https:\/\/criancanossofuturo.com.br\/wp-content\/uploads\/2024\/09\/WhatsApp-Image-2024-09-24-at-23.18.39-1.jpeg\",\"datePublished\":\"2021-12-24T10:48:46+00:00\",\"dateModified\":\"2024-09-25T03:15:10+00:00\",\"breadcrumb\":{\"@id\":\"https:\/\/criancanossofuturo.com.br\/?page_id=305#breadcrumb\"},\"inLanguage\":\"pt-BR\",\"potentialAction\":[{\"@type\":\"ReadAction\",\"target\":[\"https:\/\/criancanossofuturo.com.br\/?page_id=305\"]}]},{\"@type\":\"ImageObject\",\"inLanguage\":\"pt-BR\",\"@id\":\"https:\/\/criancanossofuturo.com.br\/?page_id=305#primaryimage\",\"url\":\"https:\/\/criancanossofuturo.com.br\/wp-content\/uploads\/2024\/09\/WhatsApp-Image-2024-09-24-at-23.18.39-1.jpeg\",\"contentUrl\":\"https:\/\/criancanossofuturo.com.br\/wp-content\/uploads\/2024\/09\/WhatsApp-Image-2024-09-24-at-23.18.39-1.jpeg\",\"width\":900,\"height\":783},{\"@type\":\"BreadcrumbList\",\"@id\":\"https:\/\/criancanossofuturo.com.br\/?page_id=305#breadcrumb\",\"itemListElement\":[{\"@type\":\"ListItem\",\"position\":1,\"name\":\"In\u00edcio\",\"item\":\"https:\/\/criancanossofuturo.com.br\/\"},{\"@type\":\"ListItem\",\"position\":2,\"name\":\"A\u00e7\u00f5es\"}]},{\"@type\":\"WebSite\",\"@id\":\"https:\/\/criancanossofuturo.com.br\/#website\",\"url\":\"https:\/\/criancanossofuturo.com.br\/\",\"name\":\"Crian\u00e7a Nosso Futuro\",\"description\":\"\",\"publisher\":{\"@id\":\"https:\/\/criancanossofuturo.com.br\/#organization\"},\"potentialAction\":[{\"@type\":\"SearchAction\",\"target\":{\"@type\":\"EntryPoint\",\"urlTemplate\":\"https:\/\/criancanossofuturo.com.br\/?s={search_term_string}\"},\"query-input\":\"required name=search_term_string\"}],\"inLanguage\":\"pt-BR\"},{\"@type\":\"Organization\",\"@id\":\"https:\/\/criancanossofuturo.com.br\/#organization\",\"name\":\"Crian\u00e7a Nosso Futuro\",\"url\":\"https:\/\/criancanossofuturo.com.br\/\",\"logo\":{\"@type\":\"ImageObject\",\"inLanguage\":\"pt-BR\",\"@id\":\"https:\/\/criancanossofuturo.com.br\/#\/schema\/logo\/image\/\",\"url\":\"https:\/\/criancanossofuturo.com.br\/wp-content\/uploads\/2024\/04\/434831578_1737565766652600_1332830921685453612_n.jpg\",\"contentUrl\":\"https:\/\/criancanossofuturo.com.br\/wp-content\/uploads\/2024\/04\/434831578_1737565766652600_1332830921685453612_n.jpg\",\"width\":1080,\"height\":1080,\"caption\":\"Crian\u00e7a Nosso Futuro\"},\"image\":{\"@id\":\"https:\/\/criancanossofuturo.com.br\/#\/schema\/logo\/image\/\"}}]}<\/script>\n<!-- \/ Yoast SEO plugin. -->","yoast_head_json":{"title":"A\u00e7\u00f5es - Crian\u00e7a Nosso Futuro","robots":{"index":"index","follow":"follow","max-snippet":"max-snippet:-1","max-image-preview":"max-image-preview:large","max-video-preview":"max-video-preview:-1"},"canonical":"https:\/\/criancanossofuturo.com.br\/?page_id=305","og_locale":"pt_BR","og_type":"article","og_title":"A\u00e7\u00f5es - Crian\u00e7a Nosso Futuro","og_description":"A\u00c7\u00d5ES All Post Eventos Miss\u00e3o Projeto Crian\u00e7a Nosso Futuro visita assentamento Paulo Freire 25 de setembro de 2024\/No Comments O Projeto Crian\u00e7a Nosso Futuro esteve no s\u00e1bado (14), visitando o assentamento Paulo Freire, em Jo\u00e3o C\u00e2mara, Com o objetivo&hellip; Ler mais P\u00e1scoa 2024 5 de abril de 2024\/No Comments Com ajuda de muitos amigos e [&hellip;]","og_url":"https:\/\/criancanossofuturo.com.br\/?page_id=305","og_site_name":"Crian\u00e7a Nosso Futuro","article_modified_time":"2024-09-25T03:15:10+00:00","og_image":[{"url":"https:\/\/criancanossofuturo.com.br\/wp-content\/uploads\/2024\/09\/WhatsApp-Image-2024-09-24-at-23.18.39-1.jpeg"}],"twitter_card":"summary_large_image","twitter_misc":{"Est. tempo de leitura":"1 minuto"},"schema":{"@context":"https:\/\/schema.org","@graph":[{"@type":"WebPage","@id":"https:\/\/criancanossofuturo.com.br\/?page_id=305","url":"https:\/\/criancanossofuturo.com.br\/?page_id=305","name":"A\u00e7\u00f5es - Crian\u00e7a Nosso Futuro","isPartOf":{"@id":"https:\/\/criancanossofuturo.com.br\/#website"},"primaryImageOfPage":{"@id":"https:\/\/criancanossofuturo.com.br\/?page_id=305#primaryimage"},"image":{"@id":"https:\/\/criancanossofuturo.com.br\/?page_id=305#primaryimage"},"thumbnailUrl":"https:\/\/criancanossofuturo.com.br\/wp-content\/uploads\/2024\/09\/WhatsApp-Image-2024-09-24-at-23.18.39-1.jpeg","datePublished":"2021-12-24T10:48:46+00:00","dateModified":"2024-09-25T03:15:10+00:00","breadcrumb":{"@id":"https:\/\/criancanossofuturo.com.br\/?page_id=305#breadcrumb"},"inLanguage":"pt-BR","potentialAction":[{"@type":"ReadAction","target":["https:\/\/criancanossofuturo.com.br\/?page_id=305"]}]},{"@type":"ImageObject","inLanguage":"pt-BR","@id":"https:\/\/criancanossofuturo.com.br\/?page_id=305#primaryimage","url":"https:\/\/criancanossofuturo.com.br\/wp-content\/uploads\/2024\/09\/WhatsApp-Image-2024-09-24-at-23.18.39-1.jpeg","contentUrl":"https:\/\/criancanossofuturo.com.br\/wp-content\/uploads\/2024\/09\/WhatsApp-Image-2024-09-24-at-23.18.39-1.jpeg","width":900,"height":783},{"@type":"BreadcrumbList","@id":"https:\/\/criancanossofuturo.com.br\/?page_id=305#breadcrumb","itemListElement":[{"@type":"ListItem","position":1,"name":"In\u00edcio","item":"https:\/\/criancanossofuturo.com.br\/"},{"@type":"ListItem","position":2,"name":"A\u00e7\u00f5es"}]},{"@type":"WebSite","@id":"https:\/\/criancanossofuturo.com.br\/#website","url":"https:\/\/criancanossofuturo.com.br\/","name":"Crian\u00e7a Nosso Futuro","description":"","publisher":{"@id":"https:\/\/criancanossofuturo.com.br\/#organization"},"potentialAction":[{"@type":"SearchAction","target":{"@type":"EntryPoint","urlTemplate":"https:\/\/criancanossofuturo.com.br\/?s={search_term_string}"},"query-input":"required name=search_term_string"}],"inLanguage":"pt-BR"},{"@type":"Organization","@id":"https:\/\/criancanossofuturo.com.br\/#organization","name":"Crian\u00e7a Nosso Futuro","url":"https:\/\/criancanossofuturo.com.br\/","logo":{"@type":"ImageObject","inLanguage":"pt-BR","@id":"https:\/\/criancanossofuturo.com.br\/#\/schema\/logo\/image\/","url":"https:\/\/criancanossofuturo.com.br\/wp-content\/uploads\/2024\/04\/434831578_1737565766652600_1332830921685453612_n.jpg","contentUrl":"https:\/\/criancanossofuturo.com.br\/wp-content\/uploads\/2024\/04\/434831578_1737565766652600_1332830921685453612_n.jpg","width":1080,"height":1080,"caption":"Crian\u00e7a Nosso Futuro"},"image":{"@id":"https:\/\/criancanossofuturo.com.br\/#\/schema\/logo\/image\/"}}]}},"_links":{"self":[{"href":"https:\/\/criancanossofuturo.com.br\/index.php?rest_route=\/wp\/v2\/pages\/305"}],"collection":[{"href":"https:\/\/criancanossofuturo.com.br\/index.php?rest_route=\/wp\/v2\/pages"}],"about":[{"href":"https:\/\/criancanossofuturo.com.br\/index.php?rest_route=\/wp\/v2\/types\/page"}],"author":[{"embeddable":true,"href":"https:\/\/criancanossofuturo.com.br\/index.php?rest_route=\/wp\/v2\/users\/1"}],"replies":[{"embeddable":true,"href":"https:\/\/criancanossofuturo.com.br\/index.php?rest_route=%2Fwp%2Fv2%2Fcomments&post=305"}],"version-history":[{"count":9,"href":"https:\/\/criancanossofuturo.com.br\/index.php?rest_route=\/wp\/v2\/pages\/305\/revisions"}],"predecessor-version":[{"id":948,"href":"https:\/\/criancanossofuturo.com.br\/index.php?rest_route=\/wp\/v2\/pages\/305\/revisions\/948"}],"wp:attachment":[{"href":"https:\/\/criancanossofuturo.com.br\/index.php?rest_route=%2Fwp%2Fv2%2Fmedia&parent=305"}],"curies":[{"name":"wp","href":"https:\/\/api.w.org\/{rel}","templated":true}]}}